{"id":3,"date":"2023-09-11T15:38:07","date_gmt":"2023-09-11T15:38:07","guid":{"rendered":"https:\/\/jbnautical.com\/?page_id=3"},"modified":"2023-10-05T10:57:38","modified_gmt":"2023-10-05T10:57:38","slug":"integritetspolicy","status":"publish","type":"page","link":"https:\/\/jbnautical.com\/sv\/integritetspolicy\/","title":{"rendered":"Integritetspolicy"},"content":{"rendered":"<div data-elementor-type=\"wp-page\" data-elementor-id=\"3\" class=\"elementor elementor-3\" data-elementor-post-type=\"page\">\n\t\t\t\t<div class=\"elementor-element elementor-element-a3b37a1 e-flex e-con-boxed e-con e-parent\" data-id=\"a3b37a1\" data-element_type=\"container\">\n\t\t\t\t\t<div class=\"e-con-inner\">\n\t\t\t\t<div class=\"elementor-element elementor-element-b45af67 elementor-widget elementor-widget-heading\" data-id=\"b45af67\" data-element_type=\"widget\" data-widget_type=\"heading.default\">\n\t\t\t\t<div class=\"elementor-widget-container\">\n\t\t\t\t\t<h1 class=\"elementor-heading-title elementor-size-default\">Integritetspolicy<\/h1>\t\t\t\t<\/div>\n\t\t\t\t<\/div>\n\t\t\t\t<div class=\"elementor-element elementor-element-4a73cfb2 elementor-widget elementor-widget-text-editor\" data-id=\"4a73cfb2\" data-element_type=\"widget\" data-widget_type=\"text-editor.default\">\n\t\t\t\t<div class=\"elementor-widget-container\">\n\t\t\t\t\t\t\t\t\t<h3>VILKA VI \u00c4R<\/h3>\n<p>V\u00e5r webbplatsadress \u00e4r: https:\/\/jbnautical.com. Vidare kallad &quot;Webbplatsen&quot;.<\/p>\n<p>\u00a0<\/p>\n<p><strong>Vilka personuppgifter vi samlar in och varf\u00f6r vi samlar in dem<\/strong><\/p>\n<p>Senast uppdaterad: 10.10.2023.<\/p>\n<p>Vi driver v\u00e5r webbplats (nedan kallad \u201cwebbplatsen\u201d). Denna sida informerar dig om v\u00e5ra policyer g\u00e4llande insamling, anv\u00e4ndning och utl\u00e4mnande av personuppgifter som vi tar emot fr\u00e5n anv\u00e4ndare av webbplatsen.<\/p>\n<p>Vi anv\u00e4nder dina personuppgifter endast f\u00f6r att tillhandah\u00e5lla och f\u00f6rb\u00e4ttra webbplatsen, m\u00f6jligg\u00f6ra k\u00f6p och leverera de k\u00f6pta varorna till dig. Genom att anv\u00e4nda webbplatsen godk\u00e4nner du insamling och anv\u00e4ndning av information i enlighet med denna policy.<\/p>\n<p><strong>Informationsinsamling och anv\u00e4ndning<\/strong><\/p>\n<p>N\u00e4r du anv\u00e4nder v\u00e5r webbplats kan vi be dig att f\u00f6rse oss med viss personligt identifierbar information som kan anv\u00e4ndas f\u00f6r att kontakta eller identifiera dig. Personligt identifierbar information kan inkludera men \u00e4r inte begr\u00e4nsad till ditt namn (\u201cPersonlig information\u201d).<\/p>\n<p>\u00a0<\/p>\n<p><strong>Nyhetsbrev och medlemskap<\/strong><\/p>\n<p>Vi erbjuder dig m\u00f6jligheten att prenumerera p\u00e5 v\u00e5ra marknadsf\u00f6ringsnyheter och fantastiska erbjudanden. Vi skickar endast e-postmeddelanden till dig om du har markerat n\u00e5gonstans p\u00e5 v\u00e5r webbplats att du vill ta emot nyheter och uppdateringar. F\u00f6r nyhetsbrev anv\u00e4nder vi Mailchimp-tj\u00e4nster, f\u00f6r att se deras integritetspolicy, v\u00e4nligen hitta den.\u00a0<a href=\"https:\/\/mailchimp.com\/\" target=\"_blank\" rel=\"noopener\">h\u00e4r<\/a>.<\/p>\n<p><strong>Loggdata<\/strong><\/p>\n<p>Liksom m\u00e5nga webbplatsoperat\u00f6rer samlar vi in information som din webbl\u00e4sare skickar varje g\u00e5ng du bes\u00f6ker v\u00e5r webbplats (\u201cLogg-\/Cookiedata\u201d).<\/p>\n<p>Denna loggdata kan inneh\u00e5lla information som din dators IP-adress (Internet Protocol), webbl\u00e4sartyp, webbl\u00e4sarversion, vilka sidor p\u00e5 v\u00e5r webbplats du bes\u00f6ker, tid och datum f\u00f6r ditt bes\u00f6k, hur l\u00e4nge du spenderar p\u00e5 dessa sidor och annan statistik.<\/p>\n<p>Dessutom kan vi anv\u00e4nda tredjepartstj\u00e4nster som Google Analytics som samlar in, \u00f6vervakar och analyserar webbplatsens prestanda f\u00f6r att f\u00f6rb\u00e4ttra din upplevelse.<\/p>\n<p>Du kan alltid avsluta prenumerationen p\u00e5 v\u00e5ra nyheter genom att anv\u00e4nda l\u00e4nken f\u00f6r att avsluta prenumerationen, vilken som helst i v\u00e5ra marknadsf\u00f6ringsmejl.<\/p>\n<p><strong>Kontaktformul\u00e4r<\/strong><\/p>\n<p>Om du har fyllt i n\u00e5got av kontaktformul\u00e4ren p\u00e5 v\u00e5r webbplats eller skickat ett e-postmeddelande manuellt f\u00f6rbeh\u00e5ller vi oss r\u00e4tten att svara dig, besvara dina fr\u00e5gor och funderingar. Genom att fylla i n\u00e5got av formul\u00e4ren godk\u00e4nner du denna integritetspolicy.<\/p>\n<p><strong>Sm\u00e5kakor<\/strong><\/p>\n<p>Kakor \u00e4r filer med en liten m\u00e4ngd data, vilka kan inneh\u00e5lla en anonym unik identifierare. Kakor skickas till din webbl\u00e4sare fr\u00e5n en webbplats och lagras p\u00e5 din dators h\u00e5rddisk.<\/p>\n<p>Liksom m\u00e5nga andra webbplatser anv\u00e4nder vi \u201ccookies\u201d f\u00f6r att samla in information. Du kan instruera din webbl\u00e4sare att neka alla cookies eller att indikera n\u00e4r en cookie skickas. Om du inte accepterar cookies kan du dock inte anv\u00e4nda vissa delar av v\u00e5r webbplats.<\/p>\n<p>Vi anv\u00e4nder Google Analytics f\u00f6r att f\u00f6rb\u00e4ttra webbplatsanv\u00e4ndningen och \u00f6ka anv\u00e4ndarn\u00f6jdheten p\u00e5 webbplatsen. Vi sp\u00e5rar inte dina privata uppgifter, utan endast cookies, som vi anv\u00e4nder f\u00f6r att samla in information om statistik, sidbes\u00f6k, tid som spenderas p\u00e5 webbplatsen och annan data. F\u00f6r att veta mer om hur Google Analytics fungerar, v\u00e4nligen l\u00e4s deras integritetspolicy.\u00a0<a href=\"https:\/\/policies.google.com\/privacy\" target=\"_blank\" rel=\"noopener\">h\u00e4r<\/a>.<\/p>\n<p>\u00a0<\/p>\n<p><strong>S\u00e4kerhet<\/strong><\/p>\n<p>S\u00e4kerheten f\u00f6r dina personuppgifter \u00e4r viktig f\u00f6r oss, men kom ih\u00e5g att ingen metod f\u00f6r \u00f6verf\u00f6ring via internet, eller metod f\u00f6r elektronisk lagring, \u00e4r s\u00e4ker f\u00f6r 100%. \u00c4ven om vi str\u00e4var efter att anv\u00e4nda kommersiellt acceptabla metoder f\u00f6r att skydda dina personuppgifter, kan vi inte garantera dess absoluta s\u00e4kerhet.<\/p>\n<p><strong>\u00c4ndringar i denna integritetspolicy<\/strong><\/p>\n<p>Denna integritetspolicy g\u00e4ller fr\u00e5n och med den 10 oktober 2023 och f\u00f6rblir i kraft med undantag f\u00f6r eventuella framtida \u00e4ndringar i dess best\u00e4mmelser, vilka tr\u00e4der i kraft omedelbart efter att de publicerats p\u00e5 denna sida.<\/p>\n<p>Vi f\u00f6rbeh\u00e5ller oss r\u00e4tten att uppdatera eller \u00e4ndra v\u00e5r integritetspolicy n\u00e4r som helst och du b\u00f6r kontrollera denna integritetspolicy regelbundet. Din fortsatta anv\u00e4ndning av Tj\u00e4nsten efter att vi publicerat eventuella \u00e4ndringar av integritetspolicyn p\u00e5 denna sida utg\u00f6r ditt godk\u00e4nnande av \u00e4ndringarna och ditt samtycke till att f\u00f6lja och vara bunden av den \u00e4ndrade integritetspolicyn.<\/p>\n<p>Om vi g\u00f6r n\u00e5gra v\u00e4sentliga \u00e4ndringar i denna integritetspolicy kommer vi att meddela dig antingen via den e-postadress du har angett till oss eller genom att placera ett tydligt meddelande p\u00e5 v\u00e5r webbplats.<\/p>\n<p>\u00a0<\/p>\n<p><strong>Kontakta oss<\/strong><\/p>\n<p>+358406374511<\/p>\n<p><span style=\"color: #333333;\"><a style=\"color: #333333;\" href=\"mailto:JBNAUTICAL7@GMAIL.COM\"><span class=\"elementor-icon-list-text\">jbnautical7@gmail.com<\/span><\/a><\/span><\/p>\t\t\t\t\t\t\t\t<\/div>\n\t\t\t\t<\/div>\n\t\t\t\t\t<\/div>\n\t\t\t\t<\/div>\n\t\t\t\t<\/div>","protected":false},"excerpt":{"rendered":"<p>Integritetspolicy VILKA VI \u00c4R V\u00e5r webbplatsadress \u00e4r: https:\/\/jbnautical.com. Vidare kallad &quot;Webbplatsen&quot;. Vilka personuppgifter vi samlar in och varf\u00f6r vi samlar in dem Senast uppdaterad: 10.10.2023. Vi driver v\u00e5r webbplats (nedan kallad &quot;Webbplatsen&quot;). Denna sida informerar dig om v\u00e5ra policyer g\u00e4llande insamling, anv\u00e4ndning och utl\u00e4mnande av personuppgifter som vi f\u00e5r fr\u00e5n [\u2026]<\/p>","protected":false},"author":1,"featured_media":0,"parent":0,"menu_order":0,"comment_status":"closed","ping_status":"closed","template":"","meta":[],"class_list":["post-3","page","type-page","status-publish","hentry"],"_links":{"self":[{"href":"https:\/\/jbnautical.com\/sv\/wp-json\/wp\/v2\/pages\/3","targetHints":{"allow":["GET"]}}],"collection":[{"href":"https:\/\/jbnautical.com\/sv\/wp-json\/wp\/v2\/pages"}],"about":[{"href":"https:\/\/jbnautical.com\/sv\/wp-json\/wp\/v2\/types\/page"}],"author":[{"embeddable":true,"href":"https:\/\/jbnautical.com\/sv\/wp-json\/wp\/v2\/users\/1"}],"replies":[{"embeddable":true,"href":"https:\/\/jbnautical.com\/sv\/wp-json\/wp\/v2\/comments?post=3"}],"version-history":[{"count":0,"href":"https:\/\/jbnautical.com\/sv\/wp-json\/wp\/v2\/pages\/3\/revisions"}],"wp:attachment":[{"href":"https:\/\/jbnautical.com\/sv\/wp-json\/wp\/v2\/media?parent=3"}],"curies":[{"name":"wp","href":"https:\/\/api.w.org\/{rel}","templated":true}]}}