{"id":388,"date":"2023-09-25T11:25:50","date_gmt":"2023-09-25T11:25:50","guid":{"rendered":"https:\/\/jbnautical.com\/?page_id=388"},"modified":"2026-03-23T08:56:43","modified_gmt":"2026-03-23T06:56:43","slug":"darbs-somija","status":"publish","type":"page","link":"https:\/\/jbnautical.com\/fi\/darbs-somija\/","title":{"rendered":"Darbs Somij\u0101"},"content":{"rendered":"<div data-elementor-type=\"wp-page\" data-elementor-id=\"388\" class=\"elementor elementor-388\" data-elementor-post-type=\"page\">\n\t\t\t\t<div class=\"elementor-element elementor-element-5d0c183 e-flex e-con-boxed e-con e-parent\" data-id=\"5d0c183\" data-element_type=\"container\" data-settings=\"{&quot;background_background&quot;:&quot;classic&quot;}\">\n\t\t\t\t\t<div class=\"e-con-inner\">\n\t\t\t\t<div class=\"elementor-element elementor-element-2c8dc46 elementor-widget elementor-widget-heading\" data-id=\"2c8dc46\" data-element_type=\"widget\" data-widget_type=\"heading.default\">\n\t\t\t\t<div class=\"elementor-widget-container\">\n\t\t\t\t\t<div class=\"elementor-heading-title elementor-size-default\"><a href=\"https:\/\/jbnautical.com\/fi\">Uz s\u0101kumu<\/a><\/div>\t\t\t\t<\/div>\n\t\t\t\t<\/div>\n\t\t\t\t<div class=\"elementor-element elementor-element-06c4ccf elementor-widget elementor-widget-heading\" data-id=\"06c4ccf\" data-element_type=\"widget\" data-widget_type=\"heading.default\">\n\t\t\t\t<div class=\"elementor-widget-container\">\n\t\t\t\t\t<h1 class=\"elementor-heading-title elementor-size-default\">Darbs Somij\u0101 laivu b\u016bv\u0113<\/h1>\t\t\t\t<\/div>\n\t\t\t\t<\/div>\n\t\t\t\t\t<\/div>\n\t\t\t\t<\/div>\n\t\t<div class=\"elementor-element elementor-element-6f56076 e-flex e-con-boxed e-con e-parent\" data-id=\"6f56076\" data-element_type=\"container\">\n\t\t\t\t\t<div class=\"e-con-inner\">\n\t\t<div class=\"elementor-element elementor-element-842a12b e-con-full e-flex e-con e-child\" data-id=\"842a12b\" data-element_type=\"container\">\n\t\t\t\t<div class=\"elementor-element elementor-element-f31542b elementor-widget__width-initial elementor-widget elementor-widget-text-editor\" data-id=\"f31542b\" data-element_type=\"widget\" data-widget_type=\"text-editor.default\">\n\t\t\t\t<div class=\"elementor-widget-container\">\n\t\t\t\t\t\t\t\t\t<p><strong>Pied\u0101v\u0101jam<\/strong> <strong>darbu<\/strong> galdniekiem, namdariem, m\u0113be\u013cu mont\u0101\u017eniekiem luksus jahtu b\u016bv\u0113, bez iepriek\u0161\u0113jas pieredzes laivu b\u016bv\u0113.<\/p><p><strong>Ty\u00f6n tiedot:<\/strong> m\u0113be\u013cu valmistus, asennus (interjera komplekt\u0101cija).<\/p><p><strong>Tarjoaa ty\u00f6t\u00e4<\/strong> GRP-visa veida lamin\u0113t\u0101jiem (prepreg, sprint, slapja laminointi), my\u00f6s GRP-montiereille. Darbs liittyv\u00e4t ar kompoz\u012btmateri\u0101liem. Apm\u0101c\u012bba tieta.\u00a0<\/p><p><strong>Instrumentus firma tarjoaa.<\/strong><\/p><p><strong>Labi ty\u00f6paikat.<\/strong><\/p><p><strong>Atalgojums no pieredzes.<\/strong><\/p><p><strong>Tarkista aika:<\/strong> 1 kuukautinen.<\/p><p><strong>Ty\u00f6paikka:<\/strong> Somija.<\/p><p><strong>Atalgojums<\/strong>:alkaen no 18 EUR brutto, riippuu no kokemuksis.<\/p><p>\u00a0<\/p><p><strong>ASIAKKAAT: <\/strong><\/p><p>+ Nopein lasku\u00a0<\/p><p>+ Ang\u013cu valoda sarunvalodas l\u012bmen\u012b.<\/p><p>\u00a0<\/p><p>S\u012bk\u0101k info par dz\u012bvo\u0161anu, dokumentu noform\u0113\u0161anu un visu p\u0101r\u0113jo rakstiet, zvaniet:<\/p><p>V\u00e4kijoukko: <a href=\"tel:+358406374511\">+358 40 637 4511<\/a><\/p><p>Mielenkiintoinen CV-l\u00e4hetys e-pastulle vai aizpildot hakemus:\u00a0<\/p><p><span style=\"text-decoration: underline;\"><a href=\"mailto:jbnautical7@gmail.com\">jbnautical7@gmail.com<\/a><\/span><\/p>\t\t\t\t\t\t\t\t<\/div>\n\t\t\t\t<\/div>\n\t\t\t\t<\/div>\n\t\t<div class=\"elementor-element elementor-element-dfda9c6 e-con-full e-flex e-con e-child\" data-id=\"dfda9c6\" data-element_type=\"container\">\n\t\t\t\t<div class=\"elementor-element elementor-element-105240f elementor-widget elementor-widget-image\" data-id=\"105240f\" data-element_type=\"widget\" data-widget_type=\"image.default\">\n\t\t\t\t<div class=\"elementor-widget-container\">\n\t\t\t\t\t\t\t\t\t\t\t\t\t\t\t<img fetchpriority=\"high\" decoding=\"async\" width=\"724\" height=\"1024\" src=\"https:\/\/jbnautical.com\/wp-content\/uploads\/2026\/03\/jbnautical-724x1024.jpg\" class=\"attachment-large size-large wp-image-776\" alt=\"darbs somija\" srcset=\"https:\/\/jbnautical.com\/wp-content\/uploads\/2026\/03\/jbnautical-724x1024.jpg 724w, https:\/\/jbnautical.com\/wp-content\/uploads\/2026\/03\/jbnautical-212x300.jpg 212w, https:\/\/jbnautical.com\/wp-content\/uploads\/2026\/03\/jbnautical-768x1086.jpg 768w, https:\/\/jbnautical.com\/wp-content\/uploads\/2026\/03\/jbnautical-1086x1536.jpg 1086w, https:\/\/jbnautical.com\/wp-content\/uploads\/2026\/03\/jbnautical-8x12.jpg 8w, https:\/\/jbnautical.com\/wp-content\/uploads\/2026\/03\/jbnautical.jpg 1414w\" sizes=\"(max-width: 724px) 100vw, 724px\" title=\"\">\t\t\t\t\t\t\t\t\t\t\t\t\t\t\t<\/div>\n\t\t\t\t<\/div>\n\t\t\t\t<\/div>\n\t\t\t\t\t<\/div>\n\t\t\t\t<\/div>\n\t\t<div class=\"elementor-element elementor-element-da60e81 e-flex e-con-boxed e-con e-parent\" data-id=\"da60e81\" data-element_type=\"container\" data-settings=\"{&quot;background_background&quot;:&quot;classic&quot;}\">\n\t\t\t\t\t<div class=\"e-con-inner\">\n\t\t\t\t<div class=\"elementor-element elementor-element-9949231 elementor-widget elementor-widget-heading\" data-id=\"9949231\" data-element_type=\"widget\" data-widget_type=\"heading.default\">\n\t\t\t\t<div class=\"elementor-widget-container\">\n\t\t\t\t\t<h2 class=\"elementor-heading-title elementor-size-default\">T\u00e4yt\u00e4 hakemus ja liit\u00e4 CV<\/h2>\t\t\t\t<\/div>\n\t\t\t\t<\/div>\n\t\t\t\t<div class=\"elementor-element elementor-element-639bfb7 elementor-tablet-button-align-stretch elementor-button-align-stretch elementor-widget elementor-widget-form\" data-id=\"639bfb7\" data-element_type=\"widget\" data-settings=\"{&quot;button_width&quot;:&quot;25&quot;,&quot;button_width_tablet&quot;:&quot;100&quot;,&quot;step_next_label&quot;:&quot;Next&quot;,&quot;step_previous_label&quot;:&quot;Previous&quot;,&quot;step_type&quot;:&quot;number_text&quot;,&quot;step_icon_shape&quot;:&quot;circle&quot;}\" data-widget_type=\"form.default\">\n\t\t\t\t<div class=\"elementor-widget-container\">\n\t\t\t\t\t\t\t<form class=\"elementor-form\" method=\"post\" name=\"Contact Us\" aria-label=\"Ota yhteytt\u00e4\" action=\"\">\n\t\t\t<input type=\"hidden\" name=\"post_id\" value=\"388\"\/>\n\t\t\t<input type=\"hidden\" name=\"form_id\" value=\"639bfb7\"\/>\n\t\t\t<input type=\"hidden\" name=\"referer_title\" value=\"Darbs Somij\u0101 &mdash; JB NAUTICAL MARINE CARPENTRY\" \/>\n\n\t\t\t\t\t\t\t<input type=\"hidden\" name=\"queried_id\" value=\"388\"\/>\n\t\t\t\n\t\t\t<div class=\"elementor-form-fields-wrapper elementor-labels-above\">\n\t\t\t\t\t\t\t\t<div class=\"elementor-field-type-text elementor-field-group elementor-column elementor-field-group-name elementor-col-33 elementor-md-50\">\n\t\t\t\t\t\t\t\t\t\t\t\t<label for=\"form-field-name\" class=\"elementor-field-label\">\n\t\t\t\t\t\t\t\tV\u0101rds\t\t\t\t\t\t\t<\/label>\n\t\t\t\t\t\t\t\t\t\t\t\t\t\t<input size=\"1\" type=\"text\" name=\"form_fields[name]\" id=\"form-field-name\" class=\"elementor-field elementor-size-sm  elementor-field-textual\">\n\t\t\t\t\t\t\t\t\t\t\t<\/div>\n\t\t\t\t\t\t\t\t<div class=\"elementor-field-type-text elementor-field-group elementor-column elementor-field-group-field_c0493bd elementor-col-33 elementor-md-50\">\n\t\t\t\t\t\t\t\t\t\t\t\t<label for=\"form-field-field_c0493bd\" class=\"elementor-field-label\">\n\t\t\t\t\t\t\t\tUzv\u0101rds\t\t\t\t\t\t\t<\/label>\n\t\t\t\t\t\t\t\t\t\t\t\t\t\t<input size=\"1\" type=\"text\" name=\"form_fields[field_c0493bd]\" id=\"form-field-field_c0493bd\" class=\"elementor-field elementor-size-sm  elementor-field-textual\">\n\t\t\t\t\t\t\t\t\t\t\t<\/div>\n\t\t\t\t\t\t\t\t<div class=\"elementor-field-type-tel elementor-field-group elementor-column elementor-field-group-field_719ed13 elementor-col-33 elementor-md-50 elementor-field-required elementor-mark-required\">\n\t\t\t\t\t\t\t\t\t\t\t\t<label for=\"form-field-field_719ed13\" class=\"elementor-field-label\">\n\t\t\t\t\t\t\t\t* Puhelinnumerot\t\t\t\t\t\t\t<\/label>\n\t\t\t\t\t\t\t\t<input size=\"1\" type=\"tel\" name=\"form_fields[field_719ed13]\" id=\"form-field-field_719ed13\" class=\"elementor-field elementor-size-sm  elementor-field-textual\" required=\"required\" pattern=\"[0-9()#&amp;+*-=.]+\" title=\"Endast siffror och telefontecken (#, -, *, etc) accepteras.\" data-no-translation-title=\"\">\n\n\t\t\t\t\t\t<\/div>\n\t\t\t\t\t\t\t\t<div class=\"elementor-field-type-email elementor-field-group elementor-column elementor-field-group-email elementor-col-30 elementor-md-50 elementor-field-required elementor-mark-required\">\n\t\t\t\t\t\t\t\t\t\t\t\t<label for=\"form-field-email\" class=\"elementor-field-label\">\n\t\t\t\t\t\t\t\t* S\u00e4hk\u00f6postiosoite\t\t\t\t\t\t\t<\/label>\n\t\t\t\t\t\t\t\t\t\t\t\t\t\t<input size=\"1\" type=\"email\" name=\"form_fields[email]\" id=\"form-field-email\" class=\"elementor-field elementor-size-sm  elementor-field-textual\" required=\"required\">\n\t\t\t\t\t\t\t\t\t\t\t<\/div>\n\t\t\t\t\t\t\t\t<div class=\"elementor-field-type-textarea elementor-field-group elementor-column elementor-field-group-message elementor-col-70 elementor-md-100\">\n\t\t\t\t\t\t\t\t\t\t\t\t<label for=\"form-field-message\" class=\"elementor-field-label\">\n\t\t\t\t\t\t\t\tTava zi\u0146a t\u00e4\u00e4ll\u00e4\t\t\t\t\t\t\t<\/label>\n\t\t\t\t\t\t<textarea class=\"elementor-field-textual elementor-field  elementor-size-sm\" name=\"form_fields[message]\" id=\"form-field-message\" rows=\"1\"><\/textarea>\t\t\t\t<\/div>\n\t\t\t\t\t\t\t\t<div class=\"elementor-field-type-upload elementor-field-group elementor-column elementor-field-group-field_0da0d2e elementor-col-100\">\n\t\t\t\t\t\t\t\t\t\t\t\t<label for=\"form-field-field_0da0d2e\" class=\"elementor-field-label\">\n\t\t\t\t\t\t\t\tPievieno savu CV\t\t\t\t\t\t\t<\/label>\n\t\t\t\t\t\t\t\t<input type=\"file\" name=\"form_fields[field_0da0d2e]\" id=\"form-field-field_0da0d2e\" class=\"elementor-field elementor-size-sm  elementor-upload-field\" data-maxsize=\"10\" data-maxsize-message=\"Denna fil \u00f6verskrider den maximala till\u00e5tna storleken.\" data-no-translation-data-maxsize-message=\"\">\n\n\t\t\t\t\t\t<\/div>\n\t\t\t\t\t\t\t\t<div class=\"elementor-field-type-acceptance elementor-field-group elementor-column elementor-field-group-field_1e765e7 elementor-col-100\">\n\t\t\t\t\t\t\t<div class=\"elementor-field-subgroup\">\n\t\t\t<span class=\"elementor-field-option\">\n\t\t\t\t<input type=\"checkbox\" name=\"form_fields[field_1e765e7]\" id=\"form-field-field_1e765e7\" class=\"elementor-field elementor-size-sm  elementor-acceptance-field\">\n\t\t\t\t<label for=\"form-field-field_1e765e7\">Akcept\u0113 m\u016bsu datu apstr\u0101des politiku saska\u0146\u0101 ar priv\u0101tuma politiku. <\/label>\t\t\t<\/span>\n\t\t<\/div>\n\t\t\t\t\t\t<\/div>\n\t\t\t\t\t\t\t\t<div class=\"elementor-field-type-text\">\n\t\t\t\t\t<input size=\"1\" type=\"text\" name=\"form_fields[field_310b65b]\" id=\"form-field-field_310b65b\" class=\"elementor-field elementor-size-sm\" style=\"display:none !important;\">\t\t\t\t<\/div>\n\t\t\t\t\t\t\t\t<div class=\"elementor-field-group elementor-column elementor-field-type-submit elementor-col-25 e-form__buttons elementor-md-100\">\n\t\t\t\t\t<button class=\"elementor-button elementor-size-sm elementor-animation-shrink\" type=\"submit\">\n\t\t\t\t\t\t<span class=\"elementor-button-content-wrapper\">\n\t\t\t\t\t\t\t\t\t\t\t\t\t\t\t\t\t\t\t\t\t\t<span class=\"elementor-button-text\">Pieteikties<\/span>\n\t\t\t\t\t\t\t\t\t\t\t\t\t<\/span>\n\t\t\t\t\t<\/button>\n\t\t\t\t<\/div>\n\t\t\t<\/div>\n\t\t<input type=\"hidden\" name=\"trp-form-language\" value=\"fi\"\/><\/form>\n\t\t\t\t\t\t<\/div>\n\t\t\t\t<\/div>\n\t\t\t\t<div class=\"elementor-element elementor-element-c9e79c4 elementor-widget elementor-widget-heading\" data-id=\"c9e79c4\" data-element_type=\"widget\" data-widget_type=\"heading.default\">\n\t\t\t\t<div class=\"elementor-widget-container\">\n\t\t\t\t\t<div class=\"elementor-heading-title elementor-size-default\"><a href=\"https:\/\/jbnautical.com\/fi\">Uz s\u0101kumu<\/a><\/div>\t\t\t\t<\/div>\n\t\t\t\t<\/div>\n\t\t\t\t\t<\/div>\n\t\t\t\t<\/div>\n\t\t\t\t<\/div>","protected":false},"excerpt":{"rendered":"<p>Uz s\u0101kumu Darbs Somij\u0101 laivu b\u016bv\u0113 Pied\u0101v\u0101jam darbu galdniekiem, namdariem, m\u0113be\u013cu mont\u0101\u017eniekiem luksus jahtu b\u016bv\u0113, bez iepriek\u0161\u0113jas pieredzes laivu b\u016bv\u0113t. Darba specifika: m\u0113be\u013cu izgatavo\u0161ana, asennus (interjera komplekt\u0101cija). Pied\u0101v\u0101jam darbu GRP visa veida lamin\u0113t\u0101jiem (prepreg, sprint, slapj\u0101 laminointi), my\u00f6s GRP-montaajille. Darbs liittyv\u00e4t ar kompoz\u012btmateri\u0101liem. Apm\u0101c\u012bba tieta. Instrumentus firma tarjoaa. Labi darba apst\u0101k\u013ci. Atalgojums [\u2026]<\/p>","protected":false},"author":2,"featured_media":0,"parent":0,"menu_order":0,"comment_status":"closed","ping_status":"closed","template":"","meta":[],"class_list":["post-388","page","type-page","status-publish","hentry"],"_links":{"self":[{"href":"https:\/\/jbnautical.com\/fi\/wp-json\/wp\/v2\/pages\/388","targetHints":{"allow":["GET"]}}],"collection":[{"href":"https:\/\/jbnautical.com\/fi\/wp-json\/wp\/v2\/pages"}],"about":[{"href":"https:\/\/jbnautical.com\/fi\/wp-json\/wp\/v2\/types\/page"}],"author":[{"embeddable":true,"href":"https:\/\/jbnautical.com\/fi\/wp-json\/wp\/v2\/users\/2"}],"replies":[{"embeddable":true,"href":"https:\/\/jbnautical.com\/fi\/wp-json\/wp\/v2\/comments?post=388"}],"version-history":[{"count":3,"href":"https:\/\/jbnautical.com\/fi\/wp-json\/wp\/v2\/pages\/388\/revisions"}],"predecessor-version":[{"id":779,"href":"https:\/\/jbnautical.com\/fi\/wp-json\/wp\/v2\/pages\/388\/revisions\/779"}],"wp:attachment":[{"href":"https:\/\/jbnautical.com\/fi\/wp-json\/wp\/v2\/media?parent=388"}],"curies":[{"name":"wp","href":"https:\/\/api.w.org\/{rel}","templated":true}]}}