{"id":3,"date":"2023-09-11T15:38:07","date_gmt":"2023-09-11T15:38:07","guid":{"rendered":"https:\/\/jbnautical.com\/?page_id=3"},"modified":"2023-10-05T10:57:38","modified_gmt":"2023-10-05T10:57:38","slug":"tietosuojakaytanto","status":"publish","type":"page","link":"https:\/\/jbnautical.com\/fi\/tietosuojakaytanto\/","title":{"rendered":"Tietosuojak\u00e4yt\u00e4nt\u00f6"},"content":{"rendered":"<div data-elementor-type=\"wp-page\" data-elementor-id=\"3\" class=\"elementor elementor-3\" data-elementor-post-type=\"page\">\n\t\t\t\t<div class=\"elementor-element elementor-element-a3b37a1 e-flex e-con-boxed e-con e-parent\" data-id=\"a3b37a1\" data-element_type=\"container\">\n\t\t\t\t\t<div class=\"e-con-inner\">\n\t\t\t\t<div class=\"elementor-element elementor-element-b45af67 elementor-widget elementor-widget-heading\" data-id=\"b45af67\" data-element_type=\"widget\" data-widget_type=\"heading.default\">\n\t\t\t\t<div class=\"elementor-widget-container\">\n\t\t\t\t\t<h1 class=\"elementor-heading-title elementor-size-default\">Tietosuojak\u00e4yt\u00e4nt\u00f6<\/h1>\t\t\t\t<\/div>\n\t\t\t\t<\/div>\n\t\t\t\t<div class=\"elementor-element elementor-element-4a73cfb2 elementor-widget elementor-widget-text-editor\" data-id=\"4a73cfb2\" data-element_type=\"widget\" data-widget_type=\"text-editor.default\">\n\t\t\t\t<div class=\"elementor-widget-container\">\n\t\t\t\t\t\t\t\t\t<h3>KEIT\u00c4 ME OLEMME<\/h3>\n<p>Verkkosivustomme osoite on: https:\/\/jbnautical.com. J\u00e4ljemp\u00e4n\u00e4 viitataan t\u00e4h\u00e4n nimell\u00e4 \u201cSivusto\u201d.<\/p>\n<p>\u00a0<\/p>\n<p><strong>Mit\u00e4 henkil\u00f6tietoja ker\u00e4\u00e4mme ja miksi ker\u00e4\u00e4mme niit\u00e4<\/strong><\/p>\n<p>Viimeksi p\u00e4ivitetty: 10.10.2023.<\/p>\n<p>Me yll\u00e4pid\u00e4mme verkkosivustoamme (j\u00e4ljemp\u00e4n\u00e4 &quot;Sivusto&quot;). T\u00e4ll\u00e4 sivulla kerrotaan k\u00e4yt\u00e4nn\u00f6ist\u00e4mme, jotka koskevat sivuston k\u00e4ytt\u00e4jilt\u00e4 saamiemme henkil\u00f6tietojen ker\u00e4\u00e4mist\u00e4, k\u00e4ytt\u00f6\u00e4 ja luovuttamista.<\/p>\n<p>K\u00e4yt\u00e4mme henkil\u00f6tietojasi ainoastaan sivuston tarjoamiseen ja parantamiseen, ostosten mahdollistamiseen ja ostettujen tuotteiden toimittamiseen sinulle. K\u00e4ytt\u00e4m\u00e4ll\u00e4 sivustoa hyv\u00e4ksyt tietojen ker\u00e4\u00e4misen ja k\u00e4yt\u00f6n t\u00e4m\u00e4n tietosuojak\u00e4yt\u00e4nn\u00f6n mukaisesti.<\/p>\n<p><strong>Tiedonkeruu ja k\u00e4ytt\u00f6<\/strong><\/p>\n<p>K\u00e4ytt\u00e4ess\u00e4si sivustoamme saatamme pyyt\u00e4\u00e4 sinua antamaan meille tiettyj\u00e4 henkil\u00f6kohtaisesti tunnistettavia tietoja, joita voidaan k\u00e4ytt\u00e4\u00e4 sinuun yhteyden ottamiseen tai sinuun tunnistamiseen. Henkil\u00f6kohtaisesti tunnistettavia tietoja voivat olla muun muassa nimesi (&quot;Henkil\u00f6tiedot&quot;).<\/p>\n<p>\u00a0<\/p>\n<p><strong>Uutiskirje ja j\u00e4senyys<\/strong><\/p>\n<p>Tarjoamme sinulle mahdollisuuden tilata markkinointiuutisiamme ja mahtavia tarjouksiamme. L\u00e4het\u00e4mme sinulle s\u00e4hk\u00f6posteja vain, jos olet valinnut sivustollamme kohdan, jossa haluat vastaanottaa uutisia ja p\u00e4ivityksi\u00e4. Uutiskirjeit\u00e4 varten k\u00e4yt\u00e4mme Mailchimp-palveluita, joiden tietosuojak\u00e4yt\u00e4nn\u00f6n l\u00f6yd\u00e4t osoitteesta.\u00a0<a href=\"https:\/\/mailchimp.com\/\" target=\"_blank\" rel=\"noopener\">t\u00e4ss\u00e4<\/a>.<\/p>\n<p><strong>Lokitiedot<\/strong><\/p>\n<p>Kuten monet sivustojen yll\u00e4pit\u00e4j\u00e4t, ker\u00e4\u00e4mme tietoja, jotka selaimesi l\u00e4hett\u00e4\u00e4 aina, kun vierailet sivustollamme (&quot;loki-\/ev\u00e4stetiedot&quot;).<\/p>\n<p>N\u00e4m\u00e4 lokitiedot voivat sis\u00e4lt\u00e4\u00e4 tietoja, kuten tietokoneesi internetprotokollaosoitteen (&quot;IP&quot;), selaintyypin, selainversion, vierailemasi sivustomme sivut, vierailusi kellonajan ja p\u00e4iv\u00e4m\u00e4\u00e4r\u00e4n, n\u00e4ill\u00e4 sivuilla vietetyn ajan ja muita tilastoja.<\/p>\n<p>Lis\u00e4ksi voimme k\u00e4ytt\u00e4\u00e4 kolmannen osapuolen palveluita, kuten Google Analyticsia, jotka ker\u00e4\u00e4v\u00e4t, valvovat ja analysoivat t\u00e4m\u00e4n sivuston suorituskyky\u00e4 parantaakseen k\u00e4ytt\u00f6kokemustasi.<\/p>\n<p>Voit aina peruuttaa uutiskirjeemme tilauksen k\u00e4ytt\u00e4m\u00e4ll\u00e4 markkinointis\u00e4hk\u00f6posteissamme olevaa Peruuta tilaus -linkki\u00e4.<\/p>\n<p><strong>Yhteydenottolomakkeet<\/strong><\/p>\n<p>Jos olet t\u00e4ytt\u00e4nyt jonkin verkkosivustomme yhteydenottolomakkeista tai l\u00e4hett\u00e4nyt meille s\u00e4hk\u00f6postia manuaalisesti, pid\u00e4t\u00e4mme oikeuden vastata sinulle, vastata kysymyksiisi ja huolenaiheisiisi. T\u00e4ytt\u00e4m\u00e4ll\u00e4 mink\u00e4 tahansa lomakkeen hyv\u00e4ksyt t\u00e4m\u00e4n tietosuojak\u00e4yt\u00e4nn\u00f6n.<\/p>\n<p><strong>Ev\u00e4steet<\/strong><\/p>\n<p>Ev\u00e4steet ovat tiedostoja, jotka sis\u00e4lt\u00e4v\u00e4t pienen m\u00e4\u00e4r\u00e4n tietoa ja voivat sis\u00e4lt\u00e4\u00e4 anonyymin yksil\u00f6llisen tunnisteen. Ev\u00e4steet l\u00e4hetet\u00e4\u00e4n selaimeesi verkkosivustolta ja tallennetaan tietokoneesi kiintolevylle.<\/p>\n<p>Kuten monet sivustot, me k\u00e4yt\u00e4mme ev\u00e4steit\u00e4 tiedon ker\u00e4\u00e4miseen. Voit m\u00e4\u00e4ritt\u00e4\u00e4 selaimesi hylk\u00e4\u00e4m\u00e4\u00e4n kaikki ev\u00e4steet tai ilmoittamaan, kun ev\u00e4ste l\u00e4hetet\u00e4\u00e4n. Jos et kuitenkaan hyv\u00e4ksy ev\u00e4steit\u00e4, et v\u00e4ltt\u00e4m\u00e4tt\u00e4 voi k\u00e4ytt\u00e4\u00e4 joitakin sivustomme osia.<\/p>\n<p>K\u00e4yt\u00e4mme Google Analyticsia parantaaksemme sivuston k\u00e4ytt\u00f6\u00e4 ja lis\u00e4t\u00e4ksemme k\u00e4ytt\u00e4j\u00e4tyytyv\u00e4isyytt\u00e4. Emme seuraa yksityisi\u00e4 tietojasi, vaan ainoastaan ev\u00e4steiden avulla ker\u00e4\u00e4mme tietoja esimerkiksi tilastoista, sivuvierailuista, sivustolla vietetyst\u00e4 ajasta ja muista tiedoista. Saadaksesi lis\u00e4tietoja Google Analyticsin toiminnasta, tutustu heid\u00e4n tietosuojak\u00e4yt\u00e4nt\u00f6\u00f6ns\u00e4.\u00a0<a href=\"https:\/\/policies.google.com\/privacy\" target=\"_blank\" rel=\"noopener\">t\u00e4ss\u00e4<\/a>.<\/p>\n<p>\u00a0<\/p>\n<p><strong>Turvallisuus<\/strong><\/p>\n<p>Henkil\u00f6tietojesi turvallisuus on meille t\u00e4rke\u00e4\u00e4, mutta muista, ettei mik\u00e4\u00e4n internetin kautta tapahtuva tiedonsiirtomenetelm\u00e4 tai s\u00e4hk\u00f6inen tallennusmenetelm\u00e4 ole 100%-turvallinen. Vaikka pyrimme k\u00e4ytt\u00e4m\u00e4\u00e4n kaupallisesti hyv\u00e4ksytt\u00e4vi\u00e4 keinoja henkil\u00f6tietojesi suojaamiseen, emme voi taata niiden ehdotonta turvallisuutta.<\/p>\n<p><strong>Muutokset t\u00e4h\u00e4n tietosuojak\u00e4yt\u00e4nt\u00f6\u00f6n<\/strong><\/p>\n<p>T\u00e4m\u00e4 tietosuojak\u00e4yt\u00e4nt\u00f6 on voimassa 10.10.2023 alkaen ja pysyy voimassa lukuun ottamatta tulevia muutoksia sen m\u00e4\u00e4r\u00e4yksiin, jotka tulevat voimaan v\u00e4litt\u00f6m\u00e4sti sen j\u00e4lkeen, kun ne on julkaistu t\u00e4ll\u00e4 sivulla.<\/p>\n<p>Pid\u00e4t\u00e4mme oikeuden p\u00e4ivitt\u00e4\u00e4 tai muuttaa tietosuojak\u00e4yt\u00e4nt\u00f6\u00e4mme milloin tahansa, ja sinun tulee tarkistaa t\u00e4m\u00e4 tietosuojak\u00e4yt\u00e4nt\u00f6 s\u00e4\u00e4nn\u00f6llisesti. Jatkamalla Palvelun k\u00e4ytt\u00f6\u00e4 sen j\u00e4lkeen, kun olemme julkaisseet tietosuojak\u00e4yt\u00e4nt\u00f6\u00f6n tehdyt muutokset t\u00e4ll\u00e4 sivulla, hyv\u00e4ksyt muutokset ja suostut noudattamaan muutettua tietosuojak\u00e4yt\u00e4nt\u00f6\u00e4.<\/p>\n<p>Jos teemme olennaisia muutoksia t\u00e4h\u00e4n tietosuojak\u00e4yt\u00e4nt\u00f6\u00f6n, ilmoitamme siit\u00e4 sinulle joko antamaasi s\u00e4hk\u00f6postiosoitteeseen tai julkaisemalla n\u00e4kyv\u00e4n ilmoituksen verkkosivustollamme.<\/p>\n<p>\u00a0<\/p>\n<p><strong>Ota yhteytt\u00e4<\/strong><\/p>\n<p>+358406374511<\/p>\n<p><span style=\"color: #333333;\"><a style=\"color: #333333;\" href=\"mailto:JBNAUTICAL7@GMAIL.COM\"><span class=\"elementor-icon-list-text\">jbnautical7@gmail.com<\/span><\/a><\/span><\/p>\t\t\t\t\t\t\t\t<\/div>\n\t\t\t\t<\/div>\n\t\t\t\t\t<\/div>\n\t\t\t\t<\/div>\n\t\t\t\t<\/div>","protected":false},"excerpt":{"rendered":"<p>Tietosuojak\u00e4yt\u00e4nt\u00f6 KEIT\u00c4 ME OLEMME Verkkosivustomme osoite on: https:\/\/jbnautical.com. J\u00e4ljemp\u00e4n\u00e4 &quot;Sivusto&quot;. Mit\u00e4 henkil\u00f6tietoja ker\u00e4\u00e4mme ja miksi ker\u00e4\u00e4mme niit\u00e4 Viimeksi p\u00e4ivitetty: 10.10.2023. Yll\u00e4pid\u00e4mme verkkosivustoamme (j\u00e4ljemp\u00e4n\u00e4 &quot;Sivusto&quot;). T\u00e4ll\u00e4 sivulla kerrotaan k\u00e4yt\u00e4nn\u00f6ist\u00e4mme, jotka koskevat henkil\u00f6tietojen ker\u00e4\u00e4mist\u00e4, k\u00e4ytt\u00f6\u00e4 ja luovuttamista, joita saamme [\u2026]<\/p>","protected":false},"author":1,"featured_media":0,"parent":0,"menu_order":0,"comment_status":"closed","ping_status":"closed","template":"","meta":[],"class_list":["post-3","page","type-page","status-publish","hentry"],"_links":{"self":[{"href":"https:\/\/jbnautical.com\/fi\/wp-json\/wp\/v2\/pages\/3","targetHints":{"allow":["GET"]}}],"collection":[{"href":"https:\/\/jbnautical.com\/fi\/wp-json\/wp\/v2\/pages"}],"about":[{"href":"https:\/\/jbnautical.com\/fi\/wp-json\/wp\/v2\/types\/page"}],"author":[{"embeddable":true,"href":"https:\/\/jbnautical.com\/fi\/wp-json\/wp\/v2\/users\/1"}],"replies":[{"embeddable":true,"href":"https:\/\/jbnautical.com\/fi\/wp-json\/wp\/v2\/comments?post=3"}],"version-history":[{"count":0,"href":"https:\/\/jbnautical.com\/fi\/wp-json\/wp\/v2\/pages\/3\/revisions"}],"wp:attachment":[{"href":"https:\/\/jbnautical.com\/fi\/wp-json\/wp\/v2\/media?parent=3"}],"curies":[{"name":"wp","href":"https:\/\/api.w.org\/{rel}","templated":true}]}}